{"id":362,"date":"2021-02-09T12:43:28","date_gmt":"2021-02-09T12:43:28","guid":{"rendered":"https:\/\/sic-freiburg.de\/?page_id=362"},"modified":"2024-03-27T11:54:08","modified_gmt":"2024-03-27T11:54:08","slug":"aktuelles","status":"publish","type":"page","link":"https:\/\/sic-freiburg.de\/en\/aktuelles\/","title":{"rendered":"Aktuelles"},"content":{"rendered":"<div data-elementor-type=\"wp-page\" data-elementor-id=\"362\" class=\"elementor elementor-362\" data-elementor-post-type=\"page\">\n\t\t\t\t\t\t<section class=\"elementor-section elementor-top-section elementor-element elementor-element-f8d72fb elementor-section-boxed elementor-section-height-default elementor-section-height-default\" data-id=\"f8d72fb\" data-element_type=\"section\" data-e-type=\"section\" data-settings=\"{&quot;background_background&quot;:&quot;classic&quot;}\">\n\t\t\t\t\t\t<div class=\"elementor-container elementor-column-gap-default\">\n\t\t\t\t\t<div class=\"elementor-column elementor-col-100 elementor-top-column elementor-element elementor-element-6aa19a2\" data-id=\"6aa19a2\" data-element_type=\"column\" data-e-type=\"column\">\n\t\t\t<div class=\"elementor-widget-wrap elementor-element-populated\">\n\t\t\t\t\t\t<div class=\"elementor-element elementor-element-63f8061 elementor-widget elementor-widget-heading\" data-id=\"63f8061\" data-element_type=\"widget\" data-e-type=\"widget\" data-widget_type=\"heading.default\">\n\t\t\t\t<div class=\"elementor-widget-container\">\n\t\t\t\t\t<h1 class=\"elementor-heading-title elementor-size-default\">News &amp; Events<\/h1>\t\t\t\t<\/div>\n\t\t\t\t<\/div>\n\t\t\t\t<div class=\"elementor-element elementor-element-b051e70 elementor-widget__width-initial elementor-widget elementor-widget-text-editor\" data-id=\"b051e70\" data-element_type=\"widget\" data-e-type=\"widget\" data-widget_type=\"text-editor.default\">\n\t\t\t\t<div class=\"elementor-widget-container\">\n\t\t\t\t\t\t\t\t\t<h3 style=\"text-align: center;\"><strong>Kommunale W\u00e4rmewende zwischen Wunsch und Wirklichkeit<br \/>Orientierungshilfen f\u00fcr kommunale Akteurinnen &amp; Akteure<\/strong><\/h3><p style=\"text-align: center;\"><strong>13. M\u00e4rz 2024 <\/strong><\/p><p style=\"text-align: center;\"><strong>17:00 \u2013 19:10 Uhr <br \/><\/strong><\/p><p style=\"text-align: center;\"><strong>Mitwirkende: Manual Baur &#8211; badenovaNETZE GmbH<br \/>Daniel Krau\u00df &#8211; endura kommunal <br \/>Fabian Nagel &#8211; Regierungspr\u00e4sidium Freiburg<br \/>Susanne Ochse \u2013 GEF Ingenieur AG<br \/>Cornelia Petzold-Schick &#8211; Oberb\u00fcrgermeisterin von Bruchsal<br \/><\/strong><br \/><strong>Moderation: Bernward Janzing<\/strong><\/p><p style=\"text-align: center;\"><strong><a href=\"https:\/\/youtu.be\/Lww2b_5pai0\">Please click here for the recording<\/a><\/strong><\/p><p>Die kommunale W\u00e4rmewende steht als eine zentrale Aufgabe des Klimaschutzes weit oben auf der Agenda von St\u00e4dten, Gemeinden und Landkreisen. <br \/>Die Energieeffizienz zu erh\u00f6hen und auf erneuerbare Energien umzusteigen, ist nicht allein eine technische Aufgabe. Vielmehr sind r\u00e4umliche, zeitliche, wirtschaftliche und soziale und sogar kulturelle Dimensionen bei diesem Prozess mitzudenken: In Einklang bringen, wo es klemmt.<br \/>Ohne den K\u00f6nigsweg zu kennen, muss jede Kommune ihre Planung entwickeln. Die zentrale Herausforderung bei diesem Strukturwandel ist es, die richtige Strategie zu finden. <br \/>Mit der Veranstaltung im Solar Info Center wollen wir allen Interessierten detaillierte und vertiefende Informationen liefern, u.a. zu folgenden Aspekten:<\/p><ul><li>Was bringt das neue Bundesgesetz mit sich und welche Implikationen haben die verschiedenen gesetzlichen Instrumente auf lokaler Ebene?<\/li><li>Nach welchen Kriterien lassen sich Eignungsgebiete f\u00fcr dezentrale und zentrale W\u00e4rmeversorgung einteilen?<\/li><li>Was gilt es f\u00fcr die praktische Umsetzung vor Ort im Auge zu behalten, damit sie gelingen kann?<\/li><li>Welche Energieleitplanung braucht es, so dass der Versorgungsauftrag gew\u00e4hrleitet und eine transparente kommunale W\u00e4rmewendestrategie entstehen kann?<\/li><li>Stadt und Land: Zwei verschiedene Wirklichkeiten f\u00fcr die W\u00e4rmewende?<\/li><\/ul><p>\u00a0<\/p><div><p>Hier finden Sie die Pr\u00e4sentationen zu den Vortr\u00e4gen:<\/p><p><a href=\"https:\/\/sic-freiburg.de\/wp-content\/uploads\/2024\/03\/SIC_KWP_im_RBF.pdf\">Ein Blick zur\u00fcck- Ein Blick nach vorne: Was uns die vorliegenden W\u00e4rmepl\u00e4ne zeigen und was das neue Bundesgesetz mit sich bringt &#8211;\u00a0 <em>Fabian Nagel, Regierunspr\u00e4sidium Freiburg<\/em><\/a><em>\u00a0<\/em><\/p><p><a href=\"https:\/\/sic-freiburg.de\/wp-content\/uploads\/2024\/03\/240205_GEF_KWP_Freiburg-Solar-Infocenter-so-1.0.pdf\">Kommunale W\u00e4rmeplanung in der Praxis &#8211; Erkennrnisse und Lessons Learned &#8211; <em>Susanne Ochse, GEF Ingenieur AG<\/em><\/a><\/p><\/div><div><a href=\"https:\/\/sic-freiburg.de\/wp-content\/uploads\/2024\/03\/DigitaleEnergieleitplanung_badenovaNETZE_130324.pdf\">Digitale Energieleitplanung\u00a0 &#8211; Werkzeuge f\u00fcr eine transparent und professionell gestaltete Transformation &#8211;<\/a><\/div><div><a href=\"https:\/\/sic-freiburg.de\/wp-content\/uploads\/2024\/03\/DigitaleEnergieleitplanung_badenovaNETZE_130324.pdf\"> <em>Manuel Baur, badenovaNETZE GmbH<\/em><\/a><\/div><div>\u00a0<\/div><div><a href=\"https:\/\/sic-freiburg.de\/wp-content\/uploads\/2024\/03\/Vortrag-Daniel-Krauss-Podium-Waerme-SIC-14.03.2024_Nutzung.pdf\">Ein W\u00e4rmeplan ist nicht genug &#8211; was braucht es f\u00fcr mehr W\u00e4rmenetze im Land? &#8211; <em>Daniel Krau\u00df, endura kommunal<\/em><\/a><\/div><div>\u00a0<\/div><div>\u00a0<\/div><div>\u00a0<\/div><div>\u00a0<\/div>\t\t\t\t\t\t\t\t<\/div>\n\t\t\t\t<\/div>\n\t\t\t\t<div class=\"elementor-element elementor-element-809c038 elementor-widget elementor-widget-text-editor\" data-id=\"809c038\" data-element_type=\"widget\" data-e-type=\"widget\" data-widget_type=\"text-editor.default\">\n\t\t\t\t<div class=\"elementor-widget-container\">\n\t\t\t\t\t\t\t\t\t<p style=\"text-align: center;\"><strong>\u00a0<\/strong><\/p><p style=\"text-align: center;\"><strong>past events<\/strong><\/p><p>\u00a0<\/p>\t\t\t\t\t\t\t\t<\/div>\n\t\t\t\t<\/div>\n\t\t\t\t<div class=\"elementor-element elementor-element-bab6731 elementor-widget__width-initial elementor-widget elementor-widget-text-editor\" data-id=\"bab6731\" data-element_type=\"widget\" data-e-type=\"widget\" data-widget_type=\"text-editor.default\">\n\t\t\t\t<div class=\"elementor-widget-container\">\n\t\t\t\t\t\t\t\t\t<h3 style=\"text-align: center;\"><strong>Windenergieprojekte: Wer hat das Ruder in Hand?<\/strong><\/h3><h3 style=\"text-align: center;\"><strong>Handlungsspielr\u00e4ume &amp; Steuerungsm\u00f6glichkeiten f\u00fcr Kommunen<\/strong><\/h3><p style=\"text-align: center;\"><strong>09. November 2023 <\/strong><\/p><p style=\"text-align: center;\"><strong>17:00 \u2013 19:00 Uhr <br \/><\/strong><\/p><p style=\"text-align: center;\"><strong>Mitwirkende: Rolf Pfeifer &#8211; endura kommunal<\/strong><br \/><strong>Hannelore Reinbold-Mench &#8211; B\u00fcrgermeisterin von Freiamt<\/strong><br \/><strong>Kirsten Simonsen &#8211; badenovaW\u00c4RMEPLUS<\/strong><br \/><strong>Dr. Herbert Swarowsky &#8211; Regierungspr\u00e4sidium Freiburg StEWK<\/strong><br \/><strong>Moderation: Bernward Janzing<\/strong><\/p><p style=\"text-align: center;\"><strong><a href=\"https:\/\/www.youtube.com\/watch?v=b9Zdw2CDkOI\" target=\"_blank\" rel=\"noopener\">Please click here for the recording<\/a><\/strong><\/p><p>Hier finden Sie die Impulsvortr\u00e4ge:<\/p><p><a href=\"https:\/\/sic-freiburg.de\/wp-content\/uploads\/2023\/11\/Ausbau-Windenergie_RP.pdf\">Ausbau der Windenergie \u2013 Ein \u201eMensch \u00e4rgere Dich nicht\u201c mit 4 Spielern\/Siegern?<\/a><\/p><p><a href=\"https:\/\/sic-freiburg.de\/wp-content\/uploads\/2023\/11\/231109-SIC-Windenergie-Veranstaltung_endura.pdf\">endura kommunal: Wie Kommunen Windenergieprojekte vor Ort lenken und steuern k\u00f6nnen<\/a><\/p><p><a href=\"https:\/\/sic-freiburg.de\/wp-content\/uploads\/2023\/11\/badenova_20231109_Wind-PE_SIC-Podiumsdiskussion-Ausgabe-SIC.pdf\">Windenergie bei der badenova &#8211; In Partnerschaft mit der Kommune von der Projektidee bis zum Anlagenbetrieb<\/a><\/p><p>In n\u00e4chster Zukunft werden 1,8 Prozent der Landesfl\u00e4che f\u00fcr Windkraft reserviert sein. Fest steht, dass Kommunen jetzt aktiv werden m\u00fcssen, wenn sie den Zugriff auf die Fl\u00e4chen und ihre Handlungsspielr\u00e4ume in diesen Prozessen nicht vertun m\u00f6chten. Denn wenn es nicht die Kommunen sind, die aktiv die Gestaltungsm\u00f6glichkeiten nutzen, werden andere Akteure in deren eigenen Interesse handeln.<\/p><p>Wie kann also der Prozess vor Ort f\u00fcr alle Beteiligten erfolgreich und gewinnbringend gelingen?<\/p><p>Mit der Veranstaltung im Solar Info Center wollen wir den Akteurinnen und Akteuren auf der kommunalen Ebene\u00a0 detaillierte und vertiefende Informationen liefern, mit dem Fokus auf den Handlungs- und Steuerungsm\u00f6glichkeiten f\u00fcr die Kommunen:<\/p><ul><li>Was gilt es ins Auge zu nehmen, um lokale und auch kommunale Wertsch\u00f6pfungspotenziale aus entstehenden Windenergieprojekten zu sch\u00f6pfen und so auch den eigenen Kommunalhaushalt zu unterst\u00fctzen?<\/li><li>Was sind die Ziele der verschiedenen Akteure im Spiel &amp; wer bestimmt die Regeln?<\/li><li>Wie kann es Kommunen gelingen, mittels umfassender B\u00fcrgerbeteiligungen gegens\u00e4tzliche Interessen aufzuarbeiten und einer gemeinsamen L\u00f6sung zuzuf\u00fchren?<\/li><li>Welche m\u00f6glichen Spannungsfelder gilt es im Zusammenspiel von Regionalplanung und Standortsicherung zu beachten?<\/li><li>Und welche Rollen \u00fcbernehmen EU, Bund, Land und Kommunen beim Ausbau der Windkraft?<\/li><\/ul>\t\t\t\t\t\t\t\t<\/div>\n\t\t\t\t<\/div>\n\t\t\t\t<section class=\"elementor-section elementor-inner-section elementor-element elementor-element-2f8b24d elementor-section-full_width elementor-section-height-default elementor-section-height-default\" data-id=\"2f8b24d\" data-element_type=\"section\" data-e-type=\"section\">\n\t\t\t\t\t\t<div class=\"elementor-container elementor-column-gap-default\">\n\t\t\t\t\t<div class=\"elementor-column elementor-col-100 elementor-inner-column elementor-element elementor-element-94fb29a\" data-id=\"94fb29a\" data-element_type=\"column\" data-e-type=\"column\">\n\t\t\t<div class=\"elementor-widget-wrap\">\n\t\t\t\t\t\t\t<\/div>\n\t\t<\/div>\n\t\t\t\t\t<\/div>\n\t\t<\/section>\n\t\t\t\t<div class=\"elementor-element elementor-element-7a704ba elementor-widget elementor-widget-text-editor\" data-id=\"7a704ba\" data-element_type=\"widget\" data-e-type=\"widget\" data-widget_type=\"text-editor.default\">\n\t\t\t\t<div class=\"elementor-widget-container\">\n\t\t\t\t\t\t\t\t\t<h3 style=\"text-align: center;\"><strong>Tunnel Construction Projects &amp; Changing Traffic <\/strong><\/h3><h3 style=\"text-align: center;\"><strong>future urban planning or missed opportunities?<\/strong><\/h3><div><p style=\"text-align: center;\"><strong>January 26th 2023 <\/strong><br \/><strong>5:00 pm - 7:00 pm | free entry<\/strong><\/p><p style=\"text-align: center;\"><strong>with: Prof. Dr. Martin Haag \u2013 Baub\u00fcrgermeister of Freiburg<\/strong><br \/><strong>Mediator\/Dipl.-Geogr.\/SRL Wulf Hahn \u2013 RegioConsult Marburg<\/strong><br \/><strong>Ing. Holger Heinfellner, BSc \u2013 Head of Expert Team Mobility | Umweltbundesamt Wien<\/strong><br \/><strong>Dipl.- Ing. Axel Schwipps &#8211; Bahnplaner Berlin<\/strong><br \/><strong>moderation:  Bernward Janzing  - journalist &amp; author<\/strong><\/p><p><a href=\"https:\/\/sic-freiburg.de\/wp-content\/uploads\/2023\/05\/14.4.2023-Bericht-zum-induzierten-Verkehr-der-A-860-Freiburg.pdf\">Bericht zum induzierten Verkehr der A 860 Freiburg<\/a><\/p><p><a href=\"https:\/\/sic-freiburg.de\/wp-content\/uploads\/2023\/01\/SIC_Einladung-Tunnelbauprojekte.pdf\">Flyer Tunnelba<\/a><a href=\"https:\/\/sic-freiburg.de\/wp-content\/uploads\/2023\/01\/SIC_Einladung-Tunnelbauprojekte.pdf\">uprojekte &amp; Verkehrswende<\/a><\/p><p><a href=\"https:\/\/sic-freiburg.de\/wp-content\/uploads\/2023\/01\/Praes_CO2_U-Tram-BAB-Bau_SIC-Freiburg_26-Jan-2023.pdf\">Klimabilanz von Verkehrsbauten &#8211; Pr\u00e4sentation Dipl.-Ing. Axel Schwipps<\/a><\/p><p><a href=\"https:\/\/sic-freiburg.de\/wp-content\/uploads\/2023\/01\/SIC_Strassenbauvorhaben_Heinfellner_230126_HH_final.pdf\">Diskussion hochrangiger Strassenbauvorhaben in \u00d6sterreich &#8211; Pr\u00e4sentation Ing. Holger Heinfellner Bsc.<\/a><\/p><p><a href=\"https:\/\/sic-freiburg.de\/wp-content\/uploads\/2023\/01\/26.1.202-Praesentation-zum-induzierten-Verkehr-fuer-Solarinfocenter.pdf\">Induzierter Verkehr durch Strassenbau &#8211; Pr\u00e4sentation Dipl-Geogr. Wulf Hahn <\/a><\/p><\/div><p>In der Freiburger Debatte um den geplanten Stadttunnel spiegelt sich die bundesweite klima- und verkehrspolitische Auseinandersetzung wider.<\/p><p>Aussagen \u00fcber die Notwendigkeit des Stra\u00dfenausbaus stehen denen der verpassten Verkehrswende gegen\u00fcber.<\/p><p>Mit der Veranstaltung im Solar Info Center wollen wir auf einer \u00fcberregionalen Ebene detaillierte und vertiefende Hintergrundinformationen liefern f\u00fcr eine klimapolitische Einordnung zuk\u00fcnftiger Tunnel- und Stra\u00dfenbauprojekte.<\/p><p>\u00dcber den lokalen Bezug von Freiburg hinaus lenken die Beitr\u00e4ge den Fokus auf grunds\u00e4tzliche verkehrspolitische und klimarelevante Fragen &#8211; ein vielleicht hilfreicher und erg\u00e4nzender Beitrag in den lokalen Debatten zum Thema Tunnelbau.<\/p><p>Folgende Aspekte werden im Mittelpunkt der Kurzvortr\u00e4ge stehen:<\/p><ul><li>St\u00e4dtebauliche Entwicklungsm\u00f6glichkeiten f\u00fcr Freiburg durch den Stadttunnel<\/li><li>\u00dcberblick \u00fcber den Wissensstand zu den Auswirkungen urbaner Neubauprojekte auf den induzierten Verkehr sowie ein Problemaufriss f\u00fcr eine Untersuchung zum Stadttunnel<\/li><li>Der Anteil an Treibhausgas-Emissionen bei Bau &amp; Instandhaltung von Tunnelprojekten innerhalb der Verkehrswende<\/li><li>Evaluations- und Entscheidungsprozesse im verkehrs- und klimapolitischen Bereich geplanter Stra\u00dfenbauvorhaben in \u00d6sterreich (inkl. dem Wiener Lobautunnel)<\/li><\/ul>\t\t\t\t\t\t\t\t<\/div>\n\t\t\t\t<\/div>\n\t\t\t\t<section class=\"elementor-section elementor-inner-section elementor-element elementor-element-33fdead elementor-section-full_width elementor-section-height-default elementor-section-height-default\" data-id=\"33fdead\" data-element_type=\"section\" data-e-type=\"section\">\n\t\t\t\t\t\t<div class=\"elementor-container elementor-column-gap-default\">\n\t\t\t\t\t<div class=\"elementor-column elementor-col-100 elementor-inner-column elementor-element elementor-element-3338f20\" data-id=\"3338f20\" data-element_type=\"column\" data-e-type=\"column\">\n\t\t\t<div class=\"elementor-widget-wrap elementor-element-populated\">\n\t\t\t\t\t\t<div class=\"elementor-element elementor-element-7cd274f elementor-widget elementor-widget-text-editor\" data-id=\"7cd274f\" data-element_type=\"widget\" data-e-type=\"widget\" data-widget_type=\"text-editor.default\">\n\t\t\t\t<div class=\"elementor-widget-container\">\n\t\t\t\t\t\t\t\t\t<h3 style=\"text-align: center;\">\u00a0<\/h3><h3 style=\"text-align: center;\"><strong>Feasibility of Climate-Friendly &amp; Socially Responsible Construction - An Overview<\/strong><\/h3><h3 style=\"text-align: center;\"><strong>with the example of Freiburgs new district Dietenbach<\/strong><\/h3><p style=\"text-align: center;\"><strong>\u00a0<\/strong><\/p><p style=\"text-align: center;\"><strong> May 25th |  05:00 pm  - 7:15 pm<br \/><\/strong><\/p><p style=\"text-align: center;\"><strong>\u00a0 <a href=\"https:\/\/www.youtube.com\/watch?v=2BtQ5HO7fUc\" target=\"_blank\" rel=\"noopener\">Please click here for the recording<\/a><br \/><\/strong><\/p><p style=\"text-align: center;\"><strong>With: Martin Horn - mayor of Freiburg i.Br., Tobias Nusser - EGS plan,<\/strong><\/p><p style=\"text-align: center;\"><strong>Martin Ufheil - solares bauen, moderation: Bernward Janzing - journalist and author<\/strong><\/p><p style=\"text-align: center;\">Venue: Solar Info Center | Emmy Noether Str. 2 | ETAGE on the 1st floor | Room Conference<\/p><p>When it comes to sustainability, the construction industry is considered a key sector for meeting the agreed<sup>2<\/sup> targets for reducing CO2 emissions nationwide<\/p><p>At the same time, the image that sustainable construction is expensive and therefore not socially responsible is a constant companion - others say myth - in this discussion.<\/p><p>The current challenge of climte change and carbon neutrality can no longer be met at the building level alone. For existing buildings, the efficiency of individual buildings continues to be optimized. For new construction, however, a more complex planning approach of entire residential quarters is increasingly coming into focus.  In this event, we will first provide a nationwide overview of the costs of sustainable residential developments and point out  qualified solution approaches for cost-optimized sustainable residential developments.<\/p><p>The second part of the event will take a look at Freiburg: Freiburg is already aiming for carbon neutrality in 2038. Therefore, those responsible for the development of the Dietenbach residential area are focusing on both tasks, keeping their own contribution to global warming as low as possible and continuing to build for its growing population in a socially responsible manner. This means that ecology and economic quality must work together under one roof, along with other factors such as sociocultural and functional quality.<\/p><p><a href=\"https:\/\/www.youtube.com\/watch?v=3crMSXDerJ4\" target=\"_blank\" rel=\"noopener\">Please click here for the recording<\/a><\/p><p>If you would like to stay informed about our events on the topics of sustainability and renewable energies, please write to us: centerservice@sic-freiburg.de<\/p><p><strong>\u00a0<\/strong><\/p>\t\t\t\t\t\t\t\t<\/div>\n\t\t\t\t<\/div>\n\t\t\t\t\t<\/div>\n\t\t<\/div>\n\t\t\t\t\t<\/div>\n\t\t<\/section>\n\t\t\t\t<section class=\"elementor-section elementor-inner-section elementor-element elementor-element-f54be57 elementor-section-full_width elementor-section-height-default elementor-section-height-default\" data-id=\"f54be57\" data-element_type=\"section\" data-e-type=\"section\">\n\t\t\t\t\t\t<div class=\"elementor-container elementor-column-gap-default\">\n\t\t\t\t\t<div class=\"elementor-column elementor-col-100 elementor-inner-column elementor-element elementor-element-e06dc91\" data-id=\"e06dc91\" data-element_type=\"column\" data-e-type=\"column\">\n\t\t\t<div class=\"elementor-widget-wrap\">\n\t\t\t\t\t\t\t<\/div>\n\t\t<\/div>\n\t\t\t\t\t<\/div>\n\t\t<\/section>\n\t\t\t\t\t<\/div>\n\t\t<\/div>\n\t\t\t\t\t<\/div>\n\t\t<\/section>\n\t\t\t\t<\/div>","protected":false},"excerpt":{"rendered":"<p>Aktuelles &amp; Termine Kommunale W\u00e4rmewende zwischen Wunsch und WirklichkeitOrientierungshilfen f\u00fcr kommunale Akteurinnen &amp; Akteure 13. M\u00e4rz 2024 17:00 \u2013 19:10 Uhr Mitwirkende: Manual Baur &#8211; badenovaNETZE GmbHDaniel Krau\u00df &#8211; endura kommunal Fabian Nagel &#8211; Regierungspr\u00e4sidium FreiburgSusanne Ochse \u2013 GEF Ingenieur AGCornelia Petzold-Schick &#8211; Oberb\u00fcrgermeisterin von BruchsalModeration: Bernward Janzing Hier geht es zur Aufzeichnung Die kommunale [&hellip;]<\/p>\n","protected":false},"author":1,"featured_media":0,"parent":0,"menu_order":0,"comment_status":"closed","ping_status":"closed","template":"elementor_header_footer","meta":{"footnotes":""},"class_list":["post-362","page","type-page","status-publish","hentry"],"_links":{"self":[{"href":"https:\/\/sic-freiburg.de\/en\/wp-json\/wp\/v2\/pages\/362","targetHints":{"allow":["GET"]}}],"collection":[{"href":"https:\/\/sic-freiburg.de\/en\/wp-json\/wp\/v2\/pages"}],"about":[{"href":"https:\/\/sic-freiburg.de\/en\/wp-json\/wp\/v2\/types\/page"}],"author":[{"embeddable":true,"href":"https:\/\/sic-freiburg.de\/en\/wp-json\/wp\/v2\/users\/1"}],"replies":[{"embeddable":true,"href":"https:\/\/sic-freiburg.de\/en\/wp-json\/wp\/v2\/comments?post=362"}],"version-history":[{"count":232,"href":"https:\/\/sic-freiburg.de\/en\/wp-json\/wp\/v2\/pages\/362\/revisions"}],"predecessor-version":[{"id":2731,"href":"https:\/\/sic-freiburg.de\/en\/wp-json\/wp\/v2\/pages\/362\/revisions\/2731"}],"wp:attachment":[{"href":"https:\/\/sic-freiburg.de\/en\/wp-json\/wp\/v2\/media?parent=362"}],"curies":[{"name":"wp","href":"https:\/\/api.w.org\/{rel}","templated":true}]}}